{"id":1491,"date":"2021-08-26T14:46:15","date_gmt":"2021-08-26T12:46:15","guid":{"rendered":"http:\/\/yourexpertcluster.de\/?page_id=1491"},"modified":"2022-08-04T17:14:41","modified_gmt":"2022-08-04T15:14:41","slug":"kontakt","status":"publish","type":"page","link":"https:\/\/yourexpertcluster.de\/en\/kontakt\/","title":{"rendered":"Contact"},"content":{"rendered":"<section class=\"l-section wpb_row height_medium color_secondary with_video with_shape\" id=\"home\"><style>@media(max-width:100px){#us_bg_video_r3da{display:none!important}}<\/style><div class=\"l-section-video\" id=\"us_bg_video_r3da\"><video muted loop autoplay playsinline preload=\"auto\"><source type=\"video\/mp4\" src=\"https:\/\/yourexpertcluster.de\/wp-content\/uploads\/2021\/09\/startvideo5a.mp4'\" \/><\/video><\/div><div class=\"l-section-overlay\" style=\"background:rgba(0,0,0,0.00)\"><\/div><div class=\"l-section-shape type_tilt pos_bottom\"><svg xmlns=\"http:\/\/www.w3.org\/2000\/svg\" viewBox=\"0 0 64 8\" preserveAspectRatio=\"none\" width=\"100%\" height=\"100%\">\r\n\t<path fill=\"currentColor\" d=\"M64 7.9 L64 10 L0 10 L0 0 Z\"\/>\r\n<\/svg><\/div><div class=\"l-section-h i-cf\"><div class=\"g-cols vc_row via_grid cols_1 laptops-cols_inherit tablets-cols_inherit mobiles-cols_1 valign_top type_default stacking_default\"><div class=\"wpb_column vc_column_container\"><div class=\"vc_column-inner\"><div class=\"w-separator size_custom\" style=\"height:20rem\"><\/div><\/div><\/div><\/div><\/div><\/section><section class=\"l-section wpb_row height_large\"><div class=\"l-section-h i-cf\"><div class=\"g-cols vc_row via_grid cols_1-3 laptops-cols_inherit tablets-cols_inherit mobiles-cols_1 valign_top type_default stacking_default\"><div class=\"wpb_column vc_column_container type_sticky\"><div class=\"vc_column-inner\" style=\"top:6rem\"><div class=\"w-image align_none\"><div class=\"w-image-h\"><img loading=\"lazy\" decoding=\"async\" width=\"400\" height=\"364\" src=\"https:\/\/yourexpertcluster.de\/wp-content\/uploads\/2021\/08\/logo_yec.jpg\" class=\"attachment-us_450_450 size-us_450_450\" alt=\"\" srcset=\"https:\/\/yourexpertcluster.de\/wp-content\/uploads\/2021\/08\/logo_yec.jpg 400w, https:\/\/yourexpertcluster.de\/wp-content\/uploads\/2021\/08\/logo_yec-300x273.jpg 300w, https:\/\/yourexpertcluster.de\/wp-content\/uploads\/2021\/08\/logo_yec-250x228.jpg 250w\" sizes=\"auto, (max-width: 400px) 100vw, 400px\" \/><\/div><\/div><div class=\"w-separator size_medium\"><\/div><div class=\"wpb_text_column\"><div class=\"wpb_wrapper\"><h4 class=\"widgettitle\" style=\"text-align: center;\">THE EXPERT NETWORK<\/h4>\n<p style=\"text-align: center;\">Your Expert Cluster GmbH<br \/>\nKirchberg 12<br \/>\n40699 Erkrath<br \/>\nGermany<\/p>\n<p style=\"text-align: center;\">Tel: +49 2104 177983<\/p>\n<p style=\"text-align: center;\"><a href=\"mailto:info@yourexpertcluster.de\">info@yourexpertcluster.de<\/a><\/p>\n<\/div><\/div><\/div><\/div><div class=\"wpb_column vc_column_container\"><div class=\"vc_column-inner\"><div class=\"wpb_text_column\" id=\"expertcluster\"><div class=\"wpb_wrapper\"><h3 class=\"av-special-heading-tag \">Contact<\/h3>\n<p>Please write to us if you have questions, suggestions, or comments regarding our company and our services. Our experts will contact you as quickly as possible via e-mail.<\/p>\n<\/div><\/div><div class=\"g-cols wpb_row via_grid cols_1 laptops-cols_inherit tablets-cols_inherit mobiles-cols_1 valign_top type_default stacking_default\"><div class=\"wpb_column vc_column_container\"><div class=\"vc_column-inner\"><div class=\"w-separator size_large with_line width_default thick_1 style_solid color_border align_center\"><div class=\"w-separator-h\"><\/div><\/div><div class=\"wpb_text_column\"><div class=\"wpb_wrapper\"><div class=\"av-special-heading av-special-heading-h3 avia-builder-el-1 el_after_av_image el_before_av_textblock \">\n<p class=\"av-special-heading-tag \">\n<div class=\"wpcf7 no-js\" id=\"wpcf7-f1536-o1\" lang=\"en-US\" dir=\"ltr\" data-wpcf7-id=\"1536\">\n<div class=\"screen-reader-response\"><p role=\"status\" aria-live=\"polite\" aria-atomic=\"true\"><\/p> <ul><\/ul><\/div>\n<form action=\"\/en\/wp-json\/wp\/v2\/pages\/1491#wpcf7-f1536-o1\" method=\"post\" class=\"wpcf7-form init\" aria-label=\"Contact form\" novalidate=\"novalidate\" data-status=\"init\">\n<fieldset class=\"hidden-fields-container\"><input type=\"hidden\" name=\"_wpcf7\" value=\"1536\" \/><input type=\"hidden\" name=\"_wpcf7_version\" value=\"6.1.5\" \/><input type=\"hidden\" name=\"_wpcf7_locale\" value=\"en_US\" \/><input type=\"hidden\" name=\"_wpcf7_unit_tag\" value=\"wpcf7-f1536-o1\" \/><input type=\"hidden\" name=\"_wpcf7_container_post\" value=\"0\" \/><input type=\"hidden\" name=\"_wpcf7_posted_data_hash\" value=\"\" \/>\n<\/fieldset>\n<p><label>Name<br \/>\n<span class=\"wpcf7-form-control-wrap\" data-name=\"your-name\"><input size=\"40\" maxlength=\"400\" class=\"wpcf7-form-control wpcf7-text wpcf7-validates-as-required\" aria-required=\"true\" aria-invalid=\"false\" value=\"\" type=\"text\" name=\"your-name\" \/><\/span> <\/label>\n<\/p>\n<p><label> E-Mail<br \/>\n<span class=\"wpcf7-form-control-wrap\" data-name=\"your-email\"><input size=\"40\" maxlength=\"400\" class=\"wpcf7-form-control wpcf7-email wpcf7-validates-as-required wpcf7-text wpcf7-validates-as-email\" aria-required=\"true\" aria-invalid=\"false\" value=\"\" type=\"email\" name=\"your-email\" \/><\/span> <\/label>\n<\/p>\n<p><span id=\"wpcf7-69db1681589d9-wrapper\" class=\"wpcf7-form-control-wrap deineurl-962-wrap\" ><input type=\"hidden\" name=\"deineurl-962-time-start\" value=\"1775965825\"><input type=\"hidden\" name=\"deineurl-962-time-check\" value=\"4\"><label for=\"wpcf7-69db1681589d9-field\" class=\"hp-message\">Please leave this field empty.<\/label><input id=\"wpcf7-69db1681589d9-field\"  class=\"wpcf7-form-control wpcf7-text\" type=\"text\" name=\"deineurl-962\" value=\"\" size=\"40\" tabindex=\"-1\" autocomplete=\"new-password\" \/><\/span>\n<\/p>\n<p><label> Betreff<br \/>\n<span class=\"wpcf7-form-control-wrap\" data-name=\"your-subject\"><input size=\"40\" maxlength=\"400\" class=\"wpcf7-form-control wpcf7-text wpcf7-validates-as-required\" aria-required=\"true\" aria-invalid=\"false\" value=\"\" type=\"text\" name=\"your-subject\" \/><\/span> <\/label>\n<\/p>\n<p><label> Nachricht<br \/>\n<span class=\"wpcf7-form-control-wrap\" data-name=\"your-message\"><textarea cols=\"40\" rows=\"10\" maxlength=\"2000\" class=\"wpcf7-form-control wpcf7-textarea\" aria-invalid=\"false\" name=\"your-message\"><\/textarea><\/span> <\/label>\n<\/p>\n<p><span class=\"wpcf7-form-control-wrap\" data-name=\"acceptance-771\"><span class=\"wpcf7-form-control wpcf7-acceptance\"><span class=\"wpcf7-list-item\"><label><input type=\"checkbox\" name=\"acceptance-771\" value=\"1\" aria-invalid=\"false\" \/><span class=\"wpcf7-list-item-label\">Ich habe den Hinweis zu personenbezogenen Daten im Impressum gelesen und erkl\u00e4re mich durch das Absenden des Formulars damit einverstanden, dass meine Daten zu dem genannten Zweck verarbeitet und genutzt werden d\u00fcrfen und ich \u00fcber eMail kontaktiert werden kann.\nIch bin dar\u00fcber informiert, dass ich der Verarbeitung und Nutzung meiner personenbezogenen Daten f\u00fcr den genannten Zweck jederzeit und f\u00fcr die Zukunft gegen\u00fcber der Your Expert Cluster GmbH widersprechen kann.<\/span><\/label><\/span><\/span><\/span>\n<\/p>\n<p><input class=\"wpcf7-form-control wpcf7-submit has-spinner\" type=\"submit\" value=\"Senden\" \/>\n<\/p><div class=\"wpcf7-response-output\" aria-hidden=\"true\"><\/div>\n<\/form>\n<\/div>\n\n<\/div>\n<\/div><\/div><\/div><\/div><\/div><\/div><\/div><\/div><\/div><\/section>\n","protected":false},"excerpt":{"rendered":"THE EXPERT NETWORK Your Expert Cluster GmbH Kirchberg 12 40699 Erkrath Germany Tel: +49 2104 177983 info@yourexpertcluster.de Contact Please write to us if you have questions, suggestions, or comments regarding our company and our services. Our experts will contact you as quickly as possible via e-mail. Name E-Mail Please leave this field empty. Betreff Nachricht...","protected":false},"author":1,"featured_media":0,"parent":0,"menu_order":0,"comment_status":"closed","ping_status":"open","template":"","meta":{"_acf_changed":false,"footnotes":""},"class_list":["post-1491","page","type-page","status-publish","hentry"],"acf":[],"_links":{"self":[{"href":"https:\/\/yourexpertcluster.de\/en\/wp-json\/wp\/v2\/pages\/1491","targetHints":{"allow":["GET"]}}],"collection":[{"href":"https:\/\/yourexpertcluster.de\/en\/wp-json\/wp\/v2\/pages"}],"about":[{"href":"https:\/\/yourexpertcluster.de\/en\/wp-json\/wp\/v2\/types\/page"}],"author":[{"embeddable":true,"href":"https:\/\/yourexpertcluster.de\/en\/wp-json\/wp\/v2\/users\/1"}],"replies":[{"embeddable":true,"href":"https:\/\/yourexpertcluster.de\/en\/wp-json\/wp\/v2\/comments?post=1491"}],"version-history":[{"count":10,"href":"https:\/\/yourexpertcluster.de\/en\/wp-json\/wp\/v2\/pages\/1491\/revisions"}],"predecessor-version":[{"id":2200,"href":"https:\/\/yourexpertcluster.de\/en\/wp-json\/wp\/v2\/pages\/1491\/revisions\/2200"}],"wp:attachment":[{"href":"https:\/\/yourexpertcluster.de\/en\/wp-json\/wp\/v2\/media?parent=1491"}],"curies":[{"name":"wp","href":"https:\/\/api.w.org\/{rel}","templated":true}]}}